{"id":9,"date":"2010-08-04T18:11:31","date_gmt":"2010-08-04T18:11:31","guid":{"rendered":"http:\/\/metallbau-mair.com\/?page_id=9"},"modified":"2014-02-11T08:01:08","modified_gmt":"2014-02-11T08:01:08","slug":"produkte","status":"publish","type":"page","link":"https:\/\/www.metalltechnik-mair.at\/?page_id=9","title":{"rendered":"Produkte"},"content":{"rendered":"<h5><span style=\"color: #9c0202;\">Unsere Produktpalette ist sehr vielf\u00e4ltig und beinhaltet unter anderem:<\/span><\/h5>\n<ul>\n<li>Gel\u00e4nder in allen m\u00f6glichen Ausf\u00fchrungen und Variationen auch in Edelstahl f\u00fcr z.B. Treppen, Terrassen, Balkone usw&#8230;<\/li>\n<\/ul>\n<ul>\n<li><span style=\"line-height: 1.5em;\">Komplette Treppenkonstruktionen f\u00fcr z.B. Hausaufg\u00e4nge, Fluchtwege usw&#8230;<\/span><\/li>\n<\/ul>\n<ul>\n<li><span style=\"line-height: 1.5em;\">Vord\u00e4cher aller Art mit Echtglas, Blech,- oder Kunststoffbedachung<\/span><\/li>\n<\/ul>\n<ul>\n<li><span style=\"line-height: 1.5em;\">Fenstergitter in verschiedensten Designs angepasst an die Hausoptik<\/span><\/li>\n<\/ul>\n<ul>\n<li><span style=\"line-height: 1.5em;\">Gitterroste f\u00fcr z.B. Lichtschachte, Garageneinfahrten usw&#8230;<\/span><\/li>\n<\/ul>\n<ul>\n<li><span style=\"line-height: 1.5em;\">Z\u00e4une aller Art &#8211; modern oder rustikal je nach Bedarf<\/span><\/li>\n<\/ul>\n<ul>\n<li><span style=\"line-height: 1.5em;\">Grabkreuze wahlweise aus Stahl-verzinkt-lackiert, Edelstahl, Schmiedebronze, Kupfer usw&#8230;<\/span><\/li>\n<\/ul>\n<ul>\n<li><span style=\"line-height: 1.5em;\">Restaurierungsarbeiten von denkmalgesch\u00fctzten Schmiedearbeiten z.B. Gel\u00e4nder in \u00f6ffentlichen Geb\u00e4uden oder alte Schmiedeteile in Kirchen usw&#8230;<\/span><\/li>\n<\/ul>\n<ul>\n<li><span style=\"line-height: 1.5em;\">Verarbeitung von Stahl-verzinkt-lackiert, Edelstahl, Buntmetalle<\/span><\/li>\n<\/ul>\n","protected":false},"excerpt":{"rendered":"<p>Unsere Produktpalette ist sehr vielf\u00e4ltig und beinhaltet unter anderem: Gel\u00e4nder in allen m\u00f6glichen Ausf\u00fchrungen und Variationen auch in Edelstahl f\u00fcr z.B. Treppen, Terrassen, Balkone usw&#8230; Komplette Treppenkonstruktionen f\u00fcr z.B. Hausaufg\u00e4nge, Fluchtwege usw&#8230; Vord\u00e4cher aller Art mit Echtglas, Blech,- oder Kunststoffbedachung Fenstergitter in verschiedensten Designs angepasst an die Hausoptik Gitterroste f\u00fcr z.B. Lichtschachte, Garageneinfahrten usw&#8230; Z\u00e4une [&#8230;]<\/p>\n","protected":false},"author":1,"featured_media":0,"parent":0,"menu_order":1,"comment_status":"open","ping_status":"open","template":"","meta":{"ngg_post_thumbnail":0,"footnotes":""},"class_list":["post-9","page","type-page","status-publish","hentry","odd"],"aioseo_notices":[],"_links":{"self":[{"href":"https:\/\/www.metalltechnik-mair.at\/index.php?rest_route=\/wp\/v2\/pages\/9","targetHints":{"allow":["GET"]}}],"collection":[{"href":"https:\/\/www.metalltechnik-mair.at\/index.php?rest_route=\/wp\/v2\/pages"}],"about":[{"href":"https:\/\/www.metalltechnik-mair.at\/index.php?rest_route=\/wp\/v2\/types\/page"}],"author":[{"embeddable":true,"href":"https:\/\/www.metalltechnik-mair.at\/index.php?rest_route=\/wp\/v2\/users\/1"}],"replies":[{"embeddable":true,"href":"https:\/\/www.metalltechnik-mair.at\/index.php?rest_route=%2Fwp%2Fv2%2Fcomments&post=9"}],"version-history":[{"count":17,"href":"https:\/\/www.metalltechnik-mair.at\/index.php?rest_route=\/wp\/v2\/pages\/9\/revisions"}],"predecessor-version":[{"id":200,"href":"https:\/\/www.metalltechnik-mair.at\/index.php?rest_route=\/wp\/v2\/pages\/9\/revisions\/200"}],"wp:attachment":[{"href":"https:\/\/www.metalltechnik-mair.at\/index.php?rest_route=%2Fwp%2Fv2%2Fmedia&parent=9"}],"curies":[{"name":"wp","href":"https:\/\/api.w.org\/{rel}","templated":true}]}}