{"id":157,"date":"2014-02-09T11:55:47","date_gmt":"2014-02-09T11:55:47","guid":{"rendered":"http:\/\/metallbau-mair.com\/?page_id=157"},"modified":"2025-06-03T17:11:45","modified_gmt":"2025-06-03T17:11:45","slug":"impressum","status":"publish","type":"page","link":"https:\/\/www.metalltechnik-mair.at\/?page_id=157","title":{"rendered":"Impressum \/ AGB"},"content":{"rendered":"<h5><span style=\"color: #9c0202;\">Herausgeber und f\u00fcr den Inhalt verantwortlich:<\/span><\/h5>\n<p>Metalltechnik Mair GmbH<\/p>\n<p>Industriegel\u00e4nde Zone B\/6+B\/7<\/p>\n<p>A-6166 Fulpmes<\/p>\n<p>Telefon: +43 (0)5225 \/ 63747<\/p>\n<p>Fax: +43 (0)5225 \/ 64664<\/p>\n<p>E-Mail:&nbsp;<a href=\"mailto:office@metalltechnik-mair.at\">office@metalltechnik-mair.at<\/a><\/p>\n<p>Website:&nbsp;http:\/\/www.metalltechnik-mair.at<\/p>\n<p>&nbsp;<\/p>\n<p><a title=\"Allgemeine Gesch\u00e4ftsbedingungen\" href=\"\/wp-content\/ata-dateien\/AGB_Metallbau-Ing-Hannes-Mair.pdf\" target=\"_blank\" rel=\"noopener noreferrer\">Allgemeine Gesch\u00e4ftsbedingungen<\/a>&nbsp;&#8211; Zum Einsehen bitte anklicken!<\/p>\n<p>&nbsp;<\/p>\n<p>UID: ATU 63819835<\/p>\n<p>Bankverbindung: Konto 160003679 BLZ 42390 Volksbank Tirol AG Filiale Fulpmes IBAN: AT26 4239 0001 6000 3679<\/p>\n<p>&nbsp;<\/p>\n<h5><span style=\"color: #9c0202;\"><b>Rechtliche Hinweise:<\/b><\/span><\/h5>\n<p>Der Inhalt dieser Seiten ist urheberrechtlich gesch\u00fctzt. Die Texte, Fotos und Grafiken sind nur zur pers\u00f6nlichen Information bestimmt. Jede weitergehende Verwendung,<\/p>\n<p>insbesondere die Speicherung in Datenbanken, Ver\u00f6ffentlichung, Vervielf\u00e4ltigung und jede Form der gewerblichen Nutzung sowie die Weitergabe an Dritte &#8211; auch in Teilen oder<\/p>\n<p>\u00fcberarbeiteter Form &#8211; ohne Zustimmung der Fa. Metalltechnik Mair GmbH ist untersagt.<\/p>\n<p>Alle hier nicht ausdr\u00fccklich einger\u00e4umten Rechte bleiben vorbehalten. Technische und preisliche \u00c4nderungen vorbehalten<\/p>\n<p>\u00a9 2025 Metalltechnik Mair GmbH. Alle Rechte vorbehalten.<\/p>\n","protected":false},"excerpt":{"rendered":"<p>Herausgeber und f\u00fcr den Inhalt verantwortlich: <\/p>\n<p>Metalltechnik Mair GmbH<\/p>\n<p>Industriegel\u00e4nde Zone B\/6+B\/7<\/p>\n<p>A-6166 Fulpmes<\/p>\n<p>Telefon: +43 (0)5225 \/ 63747<\/p>\n<p>Fax: +43 (0)5225 \/ 64664<\/p>\n<p>E-Mail:&nbsp;office@metalltechnik-mair.at<\/p>\n<p>Website:&nbsp;http:\/\/www.metalltechnik-mair.at<\/p>\n<p>&nbsp;<\/p>\n<p>Allgemeine Gesch\u00e4ftsbedingungen&nbsp;&#8211; Zum Einsehen bitte anklicken!<\/p>\n<p>&nbsp;<\/p>\n<p>UID: ATU 63819835<\/p>\n<p>Bankverbindung: Konto 160003679 BLZ 42390 Volksbank Tirol AG Filiale Fulpmes IBAN: AT26 4239 0001 6000 3679<\/p>\n<p>&nbsp;<\/p>\n<p> Rechtliche [&#8230;]<\/p>\n","protected":false},"author":1,"featured_media":0,"parent":0,"menu_order":0,"comment_status":"open","ping_status":"open","template":"","meta":{"ngg_post_thumbnail":0,"footnotes":""},"class_list":["post-157","page","type-page","status-publish","hentry","odd"],"aioseo_notices":[],"_links":{"self":[{"href":"https:\/\/www.metalltechnik-mair.at\/index.php?rest_route=\/wp\/v2\/pages\/157","targetHints":{"allow":["GET"]}}],"collection":[{"href":"https:\/\/www.metalltechnik-mair.at\/index.php?rest_route=\/wp\/v2\/pages"}],"about":[{"href":"https:\/\/www.metalltechnik-mair.at\/index.php?rest_route=\/wp\/v2\/types\/page"}],"author":[{"embeddable":true,"href":"https:\/\/www.metalltechnik-mair.at\/index.php?rest_route=\/wp\/v2\/users\/1"}],"replies":[{"embeddable":true,"href":"https:\/\/www.metalltechnik-mair.at\/index.php?rest_route=%2Fwp%2Fv2%2Fcomments&post=157"}],"version-history":[{"count":23,"href":"https:\/\/www.metalltechnik-mair.at\/index.php?rest_route=\/wp\/v2\/pages\/157\/revisions"}],"predecessor-version":[{"id":364,"href":"https:\/\/www.metalltechnik-mair.at\/index.php?rest_route=\/wp\/v2\/pages\/157\/revisions\/364"}],"wp:attachment":[{"href":"https:\/\/www.metalltechnik-mair.at\/index.php?rest_route=%2Fwp%2Fv2%2Fmedia&parent=157"}],"curies":[{"name":"wp","href":"https:\/\/api.w.org\/{rel}","templated":true}]}}